{"id":10,"date":"2020-01-06T14:35:29","date_gmt":"2020-01-06T13:35:29","guid":{"rendered":"https:\/\/aaz.wien\/?page_id=10"},"modified":"2025-01-07T11:35:45","modified_gmt":"2025-01-07T10:35:45","slug":"home","status":"publish","type":"page","link":"https:\/\/aaz.wien\/","title":{"rendered":"Home"},"content":{"rendered":"\t\t<div data-elementor-type=\"wp-page\" data-elementor-id=\"10\" class=\"elementor elementor-10\" data-elementor-settings=\"[]\">\n\t\t\t<div class=\"elementor-inner\">\n\t\t\t\t<div class=\"elementor-section-wrap\">\n\t\t\t\t\t\t\t<section class=\"elementor-element elementor-element-1a72e615 elementor-reverse-tablet elementor-reverse-mobile elementor-section-boxed elementor-section-height-default elementor-section-height-default elementor-section elementor-top-section\" data-id=\"1a72e615\" data-element_type=\"section\" data-settings=\"{&quot;background_background&quot;:&quot;video&quot;,&quot;background_video_link&quot;:&quot;https:\\\/\\\/www.youtube.com\\\/watch?v=DsYNaw4qoJw&quot;,&quot;background_video_start&quot;:89,&quot;background_video_end&quot;:113}\">\n\t\t\t\t\t\t\t\t<div class=\"elementor-background-video-container elementor-hidden-phone\">\n\t\t\t\t\t\t\t\t\t\t\t\t\t<div class=\"elementor-background-video-embed\"><\/div>\n\t\t\t\t\t\t\t\t\t\t\t\t<\/div>\n\t\t\t\t\t\t\t\t\t<div class=\"elementor-background-overlay\"><\/div>\n\t\t\t\t\t\t\t<div class=\"elementor-container elementor-column-gap-default\">\n\t\t\t\t<div class=\"elementor-row\">\n\t\t\t\t<div class=\"elementor-element elementor-element-3be4b4d4 elementor-column elementor-col-100 elementor-top-column\" data-id=\"3be4b4d4\" data-element_type=\"column\">\n\t\t\t<div class=\"elementor-column-wrap  elementor-element-populated\">\n\t\t\t\t\t<div class=\"elementor-widget-wrap\">\n\t\t\t\t<div class=\"elementor-element elementor-element-342d4c8 elementor-widget elementor-widget-heading\" data-id=\"342d4c8\" data-element_type=\"widget\" data-widget_type=\"heading.default\">\n\t\t\t\t<div class=\"elementor-widget-container\">\n\t\t\t<h2 class=\"elementor-heading-title elementor-size-small\">AAZ <\/h2>\t\t<\/div>\n\t\t\t\t<\/div>\n\t\t\t\t<div class=\"elementor-element elementor-element-900b7f6 elementor-widget elementor-widget-heading\" data-id=\"900b7f6\" data-element_type=\"widget\" data-widget_type=\"heading.default\">\n\t\t\t\t<div class=\"elementor-widget-container\">\n\t\t\t<h2 class=\"elementor-heading-title elementor-size-large\">Arbeitsmedizinisches und Arbeitspsychologisches Zentrum<\/h2>\t\t<\/div>\n\t\t\t\t<\/div>\n\t\t\t\t<div class=\"elementor-element elementor-element-52325306 elementor-widget elementor-widget-spacer\" data-id=\"52325306\" data-element_type=\"widget\" data-widget_type=\"spacer.default\">\n\t\t\t\t<div class=\"elementor-widget-container\">\n\t\t\t\t\t<div class=\"elementor-spacer\">\n\t\t\t<div class=\"elementor-spacer-inner\"><\/div>\n\t\t<\/div>\n\t\t\t\t<\/div>\n\t\t\t\t<\/div>\n\t\t\t\t\t\t<\/div>\n\t\t\t<\/div>\n\t\t<\/div>\n\t\t\t\t\t\t<\/div>\n\t\t\t<\/div>\n\t\t<\/section>\n\t\t\t\t<section class=\"elementor-element elementor-element-411844ea elementor-section-full_width elementor-section-height-full elementor-section-items-stretch elementor-section-content-middle elementor-reverse-tablet elementor-reverse-mobile elementor-section-height-default elementor-section elementor-top-section\" data-id=\"411844ea\" data-element_type=\"section\" data-settings=\"{&quot;background_background&quot;:&quot;classic&quot;}\">\n\t\t\t\t\t\t<div class=\"elementor-container elementor-column-gap-default\">\n\t\t\t\t<div class=\"elementor-row\">\n\t\t\t\t<div class=\"elementor-element elementor-element-5a19c29f elementor-column elementor-col-100 elementor-top-column\" data-id=\"5a19c29f\" data-element_type=\"column\" data-settings=\"{&quot;background_background&quot;:&quot;classic&quot;}\">\n\t\t\t<div class=\"elementor-column-wrap  elementor-element-populated\">\n\t\t\t\t\t<div class=\"elementor-widget-wrap\">\n\t\t\t\t<div class=\"elementor-element elementor-element-1c72cca1 elementor-widget__width-inherit elementor-widget elementor-widget-text-editor\" data-id=\"1c72cca1\" data-element_type=\"widget\" data-widget_type=\"text-editor.default\">\n\t\t\t\t<div class=\"elementor-widget-container\">\n\t\t\t\t\t<div class=\"elementor-text-editor elementor-clearfix\"><p>Arbeitsmedizin<strong><em> \u2013 <\/em><\/strong>Vorsorgemedizin \u2013 Arbeitspsychologie\u00a0 \u2013 Gesundheitspsychologie<\/p><p>\u00a0<\/p><p>Wir machen Ihren Arbeitsplatz lebenswert!<\/p><\/div>\n\t\t\t\t<\/div>\n\t\t\t\t<\/div>\n\t\t\t\t<div class=\"elementor-element elementor-element-ccaf24b elementor-widget-mobile__width-inherit elementor-widget elementor-widget-text-editor\" data-id=\"ccaf24b\" data-element_type=\"widget\" data-widget_type=\"text-editor.default\">\n\t\t\t\t<div class=\"elementor-widget-container\">\n\t\t\t\t\t<div class=\"elementor-text-editor elementor-clearfix\"><p>Ziel der Arbeitsmedizin und ebenso der Arbeitspsychologie, ist nicht nur die Erhaltung sondern auch die F\u00f6rderung der Gesundheit und Leistungsf\u00e4higkeit am Arbeitsplatz.<\/p>\n<p>Die Weltgesundheitsorganisation definiert Gesundheit als einen Zustand des vollst\u00e4ndigen k\u00f6rperlichen, geistigen und sozialen Wohlergehens und nicht nur als das Fehlen von Krankheit oder Gebrechen.<\/p>\n<p>Mit dieser Definition l\u00f6ste die WHO den Begriff der Gesundheit aus einer rein biomedizinischen Sichtweise und aus den engen Bez\u00fcgen des professionellen Krankheitssystems. Gesundheit ist kein einmal erreichter und dann unver\u00e4nderlicher \u201eZustand\u201c, sondern eine lebensgeschichtlich und allt\u00e4glich immer wieder neu und aktiv herzustellende \u201eBalance\u201c. <br><br>An der Aufrechterhaltung dieses Gleichgewichtes ist nat\u00fcrlich auch das \u201eArbeitsleben\u201c entscheidend beteiligt. Eine umfassende arbeitsmedizinische Betreuung leistet einen bedeutenden Beitrag zum Erhalt der individuellen Gesundheit und ist eng verbunden mit einem betrieblichen Gesundheitsmanagement.<br><br>Durch die rasante Weiterentwicklung der Kommunikationstechnologien, \u00c4nderung der Arbeitsbedingungen, Arbeitsanforderungen, Arbeitsprozesse und sozialem Umfeld verbunden mit demografischen Ver\u00e4nderungen, stellen sich neue Anspr\u00fcche an eine arbeitsmedizinische und arbeitspsychologische Betreuung.<\/p>\n<div><br><\/div><div><br><\/div><\/div>\n\t\t\t\t<\/div>\n\t\t\t\t<\/div>\n\t\t\t\t\t\t<\/div>\n\t\t\t<\/div>\n\t\t<\/div>\n\t\t\t\t\t\t<\/div>\n\t\t\t<\/div>\n\t\t<\/section>\n\t\t\t\t<section class=\"elementor-element elementor-element-2a8f7a03 elementor-reverse-tablet elementor-reverse-mobile elementor-section-boxed elementor-section-height-default elementor-section-height-default elementor-section elementor-top-section\" data-id=\"2a8f7a03\" data-element_type=\"section\" data-settings=\"{&quot;background_background&quot;:&quot;classic&quot;}\">\n\t\t\t\t\t\t\t<div class=\"elementor-background-overlay\"><\/div>\n\t\t\t\t\t\t\t<div class=\"elementor-container elementor-column-gap-no\">\n\t\t\t\t<div class=\"elementor-row\">\n\t\t\t\t<div class=\"elementor-element elementor-element-79faae6d elementor-column elementor-col-100 elementor-top-column\" data-id=\"79faae6d\" data-element_type=\"column\">\n\t\t\t<div class=\"elementor-column-wrap  elementor-element-populated\">\n\t\t\t\t\t<div class=\"elementor-widget-wrap\">\n\t\t\t\t<div class=\"elementor-element elementor-element-1023c395 elementor-widget elementor-widget-text-editor\" data-id=\"1023c395\" data-element_type=\"widget\" data-widget_type=\"text-editor.default\">\n\t\t\t\t<div class=\"elementor-widget-container\">\n\t\t\t\t\t<div class=\"elementor-text-editor elementor-clearfix\"><p>Dieser Paradigmenwechsel verlangt nach neuen Betreuungsans\u00e4tzen und Adaptierungen. Waren fr\u00fcher die Inhalte auf eine Reduktion der k\u00f6rperlichen Belastungen ausgerichtet, verlagert sich in der heutigen Arbeitswelt der Schwerpunkt auf die St\u00e4rkung und Wiederherstellung der psychischen\/mentalen Ressourcen.<\/p><p>Der Erhalt der individuellen Gesundheit und Leistungsf\u00e4higkeit der einzelnen MitarbeiterInnen, Teams und Abteilungen r\u00fcckt in den Fokus der Organisations- und Personalentwicklung.<\/p><p>Da die Gesundheit, die Lebensqualit\u00e4t und Leistung eines Menschen sowohl von psychischen wie auch physischen Merkmalen beeinflusst wird, sollte eine effektive Pr\u00e4vention unter einem holistischen Aspekt gesehen werden und erfordert ein interdisziplin\u00e4res Handeln. Eine bedarfsorientierte und effiziente arbeitsmedizinische und arbeitspsychologische Betreuung hat einen hohen Stellenwert in einer modernen Arbeitswelt.<\/p><\/div>\n\t\t\t\t<\/div>\n\t\t\t\t<\/div>\n\t\t\t\t<div class=\"elementor-element elementor-element-f2009d0 elementor-widget elementor-widget-spacer\" data-id=\"f2009d0\" data-element_type=\"widget\" data-widget_type=\"spacer.default\">\n\t\t\t\t<div class=\"elementor-widget-container\">\n\t\t\t\t\t<div class=\"elementor-spacer\">\n\t\t\t<div class=\"elementor-spacer-inner\"><\/div>\n\t\t<\/div>\n\t\t\t\t<\/div>\n\t\t\t\t<\/div>\n\t\t\t\t\t\t<\/div>\n\t\t\t<\/div>\n\t\t<\/div>\n\t\t\t\t\t\t<\/div>\n\t\t\t<\/div>\n\t\t<\/section>\n\t\t\t\t<section class=\"elementor-element elementor-element-40b1f4c3 elementor-section-full_width elementor-section-height-full elementor-section-content-middle elementor-section-height-default elementor-section-items-middle elementor-section elementor-top-section\" data-id=\"40b1f4c3\" data-element_type=\"section\" data-settings=\"{&quot;background_background&quot;:&quot;classic&quot;}\">\n\t\t\t\t\t\t<div class=\"elementor-container elementor-column-gap-no\">\n\t\t\t\t<div class=\"elementor-row\">\n\t\t\t\t<div class=\"elementor-element elementor-element-1040a07c elementor-column elementor-col-50 elementor-top-column\" data-id=\"1040a07c\" data-element_type=\"column\">\n\t\t\t<div class=\"elementor-column-wrap  elementor-element-populated\">\n\t\t\t\t\t<div class=\"elementor-widget-wrap\">\n\t\t\t\t<div class=\"elementor-element elementor-element-1545e1b9 elementor-widget elementor-widget-text-editor\" data-id=\"1545e1b9\" data-element_type=\"widget\" data-widget_type=\"text-editor.default\">\n\t\t\t\t<div class=\"elementor-widget-container\">\n\t\t\t\t\t<div class=\"elementor-text-editor elementor-clearfix\"><p>Der Ansatz f\u00fcr dieses Konzept ist ganzheitlich, er ber\u00fccksichtigt sowohl die Verh\u00e4ltnispr\u00e4vention als auch die individuelle Verhaltenspr\u00e4vention der Besch\u00e4ftigten selbst unter Beachtung der modernen Anforderungen der Arbeitswelt.<\/p><br><\/div>\n\t\t\t\t<\/div>\n\t\t\t\t<\/div>\n\t\t\t\t<div class=\"elementor-element elementor-element-4a2d1b elementor-mobile-align-center elementor-button-success elementor-align-center elementor-widget elementor-widget-button\" data-id=\"4a2d1b\" data-element_type=\"widget\" data-widget_type=\"button.default\">\n\t\t\t\t<div class=\"elementor-widget-container\">\n\t\t\t\t\t<div class=\"elementor-button-wrapper\">\n\t\t\t<a href=\"http:\/\/y-soltaeva.bplaced.net\/admin\/?page_id=16\" class=\"elementor-button-link elementor-button elementor-size-sm\" role=\"button\">\n\t\t\t\t\t\t<span class=\"elementor-button-content-wrapper\">\n\t\t\t\t\t\t<span class=\"elementor-button-icon elementor-align-icon-left\">\n\t\t\t\t<i aria-hidden=\"true\" class=\"fas fa-angle-right\"><\/i>\t\t\t<\/span>\n\t\t\t\t\t\t<span class=\"elementor-button-text\">Zu unseren Leistungen<\/span>\n\t\t<\/span>\n\t\t\t\t\t<\/a>\n\t\t<\/div>\n\t\t\t\t<\/div>\n\t\t\t\t<\/div>\n\t\t\t\t\t\t<\/div>\n\t\t\t<\/div>\n\t\t<\/div>\n\t\t\t\t<div class=\"elementor-element elementor-element-134d45b6 elementor-column elementor-col-50 elementor-top-column\" data-id=\"134d45b6\" data-element_type=\"column\">\n\t\t\t<div class=\"elementor-column-wrap  elementor-element-populated\">\n\t\t\t\t\t<div class=\"elementor-widget-wrap\">\n\t\t\t\t<div class=\"elementor-element elementor-element-5ddcc2ca elementor-hidden-phone elementor-widget elementor-widget-image\" data-id=\"5ddcc2ca\" data-element_type=\"widget\" data-widget_type=\"image.default\">\n\t\t\t\t<div class=\"elementor-widget-container\">\n\t\t\t\t\t<div class=\"elementor-image\">\n\t\t\t\t\t\t\t\t\t\t<img loading=\"lazy\" decoding=\"async\" width=\"2560\" height=\"1920\" src=\"https:\/\/aaz.wien\/wp-content\/uploads\/2020\/01\/woman-in-white-shirt-standing-near-glass-window-inside-room-127873-scaled.jpg\" class=\"attachment-full size-full\" alt=\"\" srcset=\"https:\/\/aaz.wien\/wp-content\/uploads\/2020\/01\/woman-in-white-shirt-standing-near-glass-window-inside-room-127873-scaled.jpg 2560w, https:\/\/aaz.wien\/wp-content\/uploads\/2020\/01\/woman-in-white-shirt-standing-near-glass-window-inside-room-127873-300x225.jpg 300w, https:\/\/aaz.wien\/wp-content\/uploads\/2020\/01\/woman-in-white-shirt-standing-near-glass-window-inside-room-127873-1024x768.jpg 1024w, https:\/\/aaz.wien\/wp-content\/uploads\/2020\/01\/woman-in-white-shirt-standing-near-glass-window-inside-room-127873-768x576.jpg 768w, https:\/\/aaz.wien\/wp-content\/uploads\/2020\/01\/woman-in-white-shirt-standing-near-glass-window-inside-room-127873-1536x1152.jpg 1536w, https:\/\/aaz.wien\/wp-content\/uploads\/2020\/01\/woman-in-white-shirt-standing-near-glass-window-inside-room-127873-2048x1536.jpg 2048w\" sizes=\"auto, (max-width: 2560px) 100vw, 2560px\" \/>\t\t\t\t\t\t\t\t\t\t\t<\/div>\n\t\t\t\t<\/div>\n\t\t\t\t<\/div>\n\t\t\t\t\t\t<\/div>\n\t\t\t<\/div>\n\t\t<\/div>\n\t\t\t\t\t\t<\/div>\n\t\t\t<\/div>\n\t\t<\/section>\n\t\t\t\t\t\t<\/div>\n\t\t\t<\/div>\n\t\t<\/div>\n\t\t","protected":false},"excerpt":{"rendered":"<p>AAZ Arbeitsmedizinisches und Arbeitspsychologisches Zentrum Arbeitsmedizin \u2013 Vorsorgemedizin \u2013 Arbeitspsychologie\u00a0 \u2013 Gesundheitspsychologie \u00a0 Wir machen Ihren Arbeitsplatz lebenswert! Ziel der Arbeitsmedizin und ebenso der Arbeitspsychologie, ist nicht nur die Erhaltung sondern auch die F\u00f6rderung der Gesundheit und Leistungsf\u00e4higkeit am Arbeitsplatz. Die Weltgesundheitsorganisation definiert Gesundheit als einen Zustand des vollst\u00e4ndigen k\u00f6rperlichen, geistigen und sozialen Wohlergehens und [&hellip;]<\/p>\n","protected":false},"author":4,"featured_media":0,"parent":0,"menu_order":0,"comment_status":"closed","ping_status":"closed","template":"","meta":{"footnotes":""},"class_list":["post-10","page","type-page","status-publish","hentry","entry"],"_links":{"self":[{"href":"https:\/\/aaz.wien\/index.php?rest_route=\/wp\/v2\/pages\/10","targetHints":{"allow":["GET"]}}],"collection":[{"href":"https:\/\/aaz.wien\/index.php?rest_route=\/wp\/v2\/pages"}],"about":[{"href":"https:\/\/aaz.wien\/index.php?rest_route=\/wp\/v2\/types\/page"}],"author":[{"embeddable":true,"href":"https:\/\/aaz.wien\/index.php?rest_route=\/wp\/v2\/users\/4"}],"replies":[{"embeddable":true,"href":"https:\/\/aaz.wien\/index.php?rest_route=%2Fwp%2Fv2%2Fcomments&post=10"}],"version-history":[{"count":46,"href":"https:\/\/aaz.wien\/index.php?rest_route=\/wp\/v2\/pages\/10\/revisions"}],"predecessor-version":[{"id":384,"href":"https:\/\/aaz.wien\/index.php?rest_route=\/wp\/v2\/pages\/10\/revisions\/384"}],"wp:attachment":[{"href":"https:\/\/aaz.wien\/index.php?rest_route=%2Fwp%2Fv2%2Fmedia&parent=10"}],"curies":[{"name":"wp","href":"https:\/\/api.w.org\/{rel}","templated":true}]}}