{"id":148,"date":"2020-01-09T01:32:11","date_gmt":"2020-01-09T00:32:11","guid":{"rendered":"https:\/\/aaz.wien\/?page_id=148"},"modified":"2020-02-13T07:38:01","modified_gmt":"2020-02-13T06:38:01","slug":"impressum-2","status":"publish","type":"page","link":"https:\/\/aaz.wien\/?page_id=148","title":{"rendered":"Impressum"},"content":{"rendered":"\t\t<div data-elementor-type=\"wp-page\" data-elementor-id=\"148\" class=\"elementor elementor-148\" data-elementor-settings=\"[]\">\n\t\t\t<div class=\"elementor-inner\">\n\t\t\t\t<div class=\"elementor-section-wrap\">\n\t\t\t\t\t\t\t<section class=\"elementor-element elementor-element-65a3cd51 elementor-section-content-bottom elementor-reverse-tablet elementor-reverse-mobile elementor-section-boxed elementor-section-height-default elementor-section-height-default elementor-section elementor-top-section\" data-id=\"65a3cd51\" data-element_type=\"section\" data-settings=\"{&quot;background_background&quot;:&quot;classic&quot;}\">\n\t\t\t\t\t\t<div class=\"elementor-container elementor-column-gap-default\">\n\t\t\t\t<div class=\"elementor-row\">\n\t\t\t\t<div class=\"elementor-element elementor-element-37540ab elementor-column elementor-col-50 elementor-top-column\" data-id=\"37540ab\" data-element_type=\"column\" data-settings=\"{&quot;background_background&quot;:&quot;classic&quot;}\">\n\t\t\t<div class=\"elementor-column-wrap  elementor-element-populated\">\n\t\t\t\t\t<div class=\"elementor-widget-wrap\">\n\t\t\t\t<div class=\"elementor-element elementor-element-1ce3de8e elementor-widget elementor-widget-heading\" data-id=\"1ce3de8e\" data-element_type=\"widget\" data-widget_type=\"heading.default\">\n\t\t\t\t<div class=\"elementor-widget-container\">\n\t\t\t<h1 class=\"elementor-heading-title elementor-size-large\">Impressum<\/h1>\t\t<\/div>\n\t\t\t\t<\/div>\n\t\t\t\t<div class=\"elementor-element elementor-element-4ee97eb0 elementor-widget elementor-widget-text-editor\" data-id=\"4ee97eb0\" data-element_type=\"widget\" data-widget_type=\"text-editor.default\">\n\t\t\t\t<div class=\"elementor-widget-container\">\n\t\t\t\t\t<div class=\"elementor-text-editor elementor-clearfix\"><div class=\"post-content\"><p>AAZ GmbH<br \/>Arbeitsmedizinisches und Arbeitspsychologisches Zentrum<br \/>Welthandelsplatz 3<br \/>1020 Wien<br \/>T + 43 \u2013 1 \u2013 720 080 070<br \/><a href=\"mailto:office@aaz.wien\">office@aaz.wien<\/a><\/p><p>Firmenbuchnummer: 436927s<br \/>Umsatzsteuer-Identifikationsnummer (UID): ATU69722758<\/p><p>Haftung:<br \/>S\u00e4mtliche Texte auf der Homepage der\u00a0 AAZ GmbH wurden sorgf\u00e4ltig gepr\u00fcft. Dessen ungeachtet kann keine Garantie f\u00fcr die Richtigkeit, Vollst\u00e4ndigkeit und Aktualit\u00e4t der Angaben \u00fcbernommen werden. Eine Haftung der AAZ GmbH wird daher ausgeschlossen. Die Links zu anderen Webseiten wurden sorgf\u00e4ltig ausgew\u00e4hlt. Da die AAZ GmbH auf deren Inhalt keinen Einfluss hat, \u00fcbernimmt sie daf\u00fcr keine Verantwortung.<\/p><p>Copyright:<br \/>Die Urheber- und Nutzungsrechte (Copyright) f\u00fcr Texte, Grafiken, Bilder, Design und Quellcode liegen bei der AAZ GmbH. Die Erstellung, Verwendung und Weitergabe von Kopien in elektronischer oder ausgedruckter Form bedarf der Genehmigung.<br \/>\u00a9 Das Copyright liegt bei der AAZ GmbH bzw. den jeweiligen Autor\/inn\/en der Subseiten.<\/p><p>\u00a9 Arbeitsmedizinisches und Arbeitspsychologisches Zentrum<\/p><\/div><p>\u00a0<\/p><\/div>\n\t\t\t\t<\/div>\n\t\t\t\t<\/div>\n\t\t\t\t\t\t<\/div>\n\t\t\t<\/div>\n\t\t<\/div>\n\t\t\t\t<div class=\"elementor-element elementor-element-57d1b1d6 elementor-column elementor-col-50 elementor-top-column\" data-id=\"57d1b1d6\" data-element_type=\"column\">\n\t\t\t<div class=\"elementor-column-wrap\">\n\t\t\t\t\t<div class=\"elementor-widget-wrap\">\n\t\t\t\t\t\t<\/div>\n\t\t\t<\/div>\n\t\t<\/div>\n\t\t\t\t\t\t<\/div>\n\t\t\t<\/div>\n\t\t<\/section>\n\t\t\t\t\t\t<\/div>\n\t\t\t<\/div>\n\t\t<\/div>\n\t\t","protected":false},"excerpt":{"rendered":"<p>Impressum AAZ GmbHArbeitsmedizinisches und Arbeitspsychologisches ZentrumWelthandelsplatz 31020 WienT + 43 \u2013 1 \u2013 720 080 070office@aaz.wien Firmenbuchnummer: 436927sUmsatzsteuer-Identifikationsnummer (UID): ATU69722758 Haftung:S\u00e4mtliche Texte auf der Homepage der\u00a0 AAZ GmbH wurden sorgf\u00e4ltig gepr\u00fcft. Dessen ungeachtet kann keine Garantie f\u00fcr die Richtigkeit, Vollst\u00e4ndigkeit und Aktualit\u00e4t der Angaben \u00fcbernommen werden. Eine Haftung der AAZ GmbH wird daher ausgeschlossen. Die [&hellip;]<\/p>\n","protected":false},"author":4,"featured_media":0,"parent":0,"menu_order":0,"comment_status":"closed","ping_status":"closed","template":"","meta":{"footnotes":""},"class_list":["post-148","page","type-page","status-publish","hentry","entry"],"_links":{"self":[{"href":"https:\/\/aaz.wien\/index.php?rest_route=\/wp\/v2\/pages\/148","targetHints":{"allow":["GET"]}}],"collection":[{"href":"https:\/\/aaz.wien\/index.php?rest_route=\/wp\/v2\/pages"}],"about":[{"href":"https:\/\/aaz.wien\/index.php?rest_route=\/wp\/v2\/types\/page"}],"author":[{"embeddable":true,"href":"https:\/\/aaz.wien\/index.php?rest_route=\/wp\/v2\/users\/4"}],"replies":[{"embeddable":true,"href":"https:\/\/aaz.wien\/index.php?rest_route=%2Fwp%2Fv2%2Fcomments&post=148"}],"version-history":[{"count":5,"href":"https:\/\/aaz.wien\/index.php?rest_route=\/wp\/v2\/pages\/148\/revisions"}],"predecessor-version":[{"id":334,"href":"https:\/\/aaz.wien\/index.php?rest_route=\/wp\/v2\/pages\/148\/revisions\/334"}],"wp:attachment":[{"href":"https:\/\/aaz.wien\/index.php?rest_route=%2Fwp%2Fv2%2Fmedia&parent=148"}],"curies":[{"name":"wp","href":"https:\/\/api.w.org\/{rel}","templated":true}]}}