{"id":16,"date":"2020-01-06T14:37:53","date_gmt":"2020-01-06T13:37:53","guid":{"rendered":"https:\/\/aaz.wien\/?page_id=16"},"modified":"2020-02-13T07:32:46","modified_gmt":"2020-02-13T06:32:46","slug":"leistungen","status":"publish","type":"page","link":"https:\/\/aaz.wien\/?page_id=16","title":{"rendered":"Leistungen"},"content":{"rendered":"\t\t<div data-elementor-type=\"wp-page\" data-elementor-id=\"16\" class=\"elementor elementor-16\" data-elementor-settings=\"[]\">\n\t\t\t<div class=\"elementor-inner\">\n\t\t\t\t<div class=\"elementor-section-wrap\">\n\t\t\t\t\t\t\t<section class=\"elementor-element elementor-element-4ec46251 elementor-reverse-tablet elementor-reverse-mobile elementor-section-boxed elementor-section-height-default elementor-section-height-default elementor-section elementor-top-section\" data-id=\"4ec46251\" data-element_type=\"section\" data-settings=\"{&quot;background_background&quot;:&quot;classic&quot;,&quot;shape_divider_bottom&quot;:&quot;curve&quot;,&quot;shape_divider_bottom_negative&quot;:&quot;yes&quot;}\">\n\t\t\t\t\t\t\t<div class=\"elementor-background-overlay\"><\/div>\n\t\t\t\t\t\t<div class=\"elementor-shape elementor-shape-bottom\" data-negative=\"true\">\n\t\t\t<svg xmlns=\"http:\/\/www.w3.org\/2000\/svg\" viewBox=\"0 0 1000 100\" preserveAspectRatio=\"none\">\n\t<path class=\"elementor-shape-fill\" d=\"M500,97C126.7,96.3,0.8,19.8,0,0v100l1000,0V1C1000,19.4,873.3,97.8,500,97z\"\/>\n<\/svg>\t\t<\/div>\n\t\t\t\t\t<div class=\"elementor-container elementor-column-gap-default\">\n\t\t\t\t<div class=\"elementor-row\">\n\t\t\t\t<div class=\"elementor-element elementor-element-2b0bb2e7 elementor-column elementor-col-100 elementor-top-column\" data-id=\"2b0bb2e7\" data-element_type=\"column\">\n\t\t\t<div class=\"elementor-column-wrap  elementor-element-populated\">\n\t\t\t\t\t<div class=\"elementor-widget-wrap\">\n\t\t\t\t<div class=\"elementor-element elementor-element-7f0a1544 elementor-widget elementor-widget-heading\" data-id=\"7f0a1544\" data-element_type=\"widget\" data-widget_type=\"heading.default\">\n\t\t\t\t<div class=\"elementor-widget-container\">\n\t\t\t<h2 class=\"elementor-heading-title elementor-size-default\">Leistungen<\/h2>\t\t<\/div>\n\t\t\t\t<\/div>\n\t\t\t\t<div class=\"elementor-element elementor-element-526f0af3 elementor-widget elementor-widget-divider\" data-id=\"526f0af3\" data-element_type=\"widget\" data-widget_type=\"divider.default\">\n\t\t\t\t<div class=\"elementor-widget-container\">\n\t\t\t\t\t<div class=\"elementor-divider\">\n\t\t\t<span class=\"elementor-divider-separator\">\n\t\t\t\t\t\t<\/span>\n\t\t<\/div>\n\t\t\t\t<\/div>\n\t\t\t\t<\/div>\n\t\t\t\t<div class=\"elementor-element elementor-element-64d0acdd elementor-widget elementor-widget-text-editor\" data-id=\"64d0acdd\" data-element_type=\"widget\" data-widget_type=\"text-editor.default\">\n\t\t\t\t<div class=\"elementor-widget-container\">\n\t\t\t\t\t<div class=\"elementor-text-editor elementor-clearfix\"><div class=\"post-content\"><p>Das AAZ bietet ma\u00dfgeschneiderte Betreuungskonzepte f\u00fcr Ihr Unternehmen.<br \/>Die Leistungen werden individuell an die Bed\u00fcrfnisse der MitarbeiterInnen und des Betriebes angepasst und ausgearbeitet.<br \/>Die Leistungen bedeuten eine \u00dcbernahme der arbeitsmedizinischen und arbeitspsychologischen Betreuung gem\u00e4\u00df den Bestimmungen des ASchG und der dazu geltenden Verordnungen sowie die Organisation und Durchf\u00fchrung von gesundheitsf\u00f6rdernden Projekten, ebenso wie eine Implementierung einer an die Struktur der Unternehmen angepasste arbeitsmedizinische Betreuung, um eine nachhaltige Erhaltung und F\u00f6rderung der Gesundheit der MitarbeiterInnen zu gew\u00e4hrleisten.<\/p><\/div><\/div>\n\t\t\t\t<\/div>\n\t\t\t\t<\/div>\n\t\t\t\t\t\t<\/div>\n\t\t\t<\/div>\n\t\t<\/div>\n\t\t\t\t\t\t<\/div>\n\t\t\t<\/div>\n\t\t<\/section>\n\t\t\t\t<section class=\"elementor-element elementor-element-8600793 elementor-section-boxed elementor-section-height-default elementor-section-height-default elementor-section elementor-top-section\" data-id=\"8600793\" data-element_type=\"section\">\n\t\t\t\t\t\t<div class=\"elementor-container elementor-column-gap-wide\">\n\t\t\t\t<div class=\"elementor-row\">\n\t\t\t\t<div class=\"elementor-element elementor-element-7b52a9c0 elementor-column elementor-col-50 elementor-top-column\" data-id=\"7b52a9c0\" data-element_type=\"column\">\n\t\t\t<div class=\"elementor-column-wrap  elementor-element-populated\">\n\t\t\t\t\t<div class=\"elementor-widget-wrap\">\n\t\t\t\t<div class=\"elementor-element elementor-element-3581999 elementor-view-stacked elementor-shape-circle elementor-position-top elementor-vertical-align-top elementor-widget elementor-widget-icon-box\" data-id=\"3581999\" data-element_type=\"widget\" data-widget_type=\"icon-box.default\">\n\t\t\t\t<div class=\"elementor-widget-container\">\n\t\t\t\t\t<div class=\"elementor-icon-box-wrapper\">\n\t\t\t\t\t\t<div class=\"elementor-icon-box-icon\">\n\t\t\t\t<a class=\"elementor-icon elementor-animation-\" href=\"http:\/\/y-soltaeva.bplaced.net\/admin\/?page_id=204\">\n\t\t\t\t<i aria-hidden=\"true\" class=\"fas fa-first-aid\"><\/i>\t\t\t\t<\/a>\n\t\t\t<\/div>\n\t\t\t\t\t\t<div class=\"elementor-icon-box-content\">\n\t\t\t\t<h3 class=\"elementor-icon-box-title\">\n\t\t\t\t\t<a href=\"http:\/\/y-soltaeva.bplaced.net\/admin\/?page_id=204\">Arbeitsmedizin<\/a>\n\t\t\t\t<\/h3>\n\t\t\t\t\t\t\t<\/div>\n\t\t<\/div>\n\t\t\t\t<\/div>\n\t\t\t\t<\/div>\n\t\t\t\t\t\t<\/div>\n\t\t\t<\/div>\n\t\t<\/div>\n\t\t\t\t<div class=\"elementor-element elementor-element-5f7ca647 elementor-column elementor-col-50 elementor-top-column\" data-id=\"5f7ca647\" data-element_type=\"column\">\n\t\t\t<div class=\"elementor-column-wrap  elementor-element-populated\">\n\t\t\t\t\t<div class=\"elementor-widget-wrap\">\n\t\t\t\t<div class=\"elementor-element elementor-element-1dabfe86 elementor-view-framed elementor-shape-circle elementor-position-top elementor-vertical-align-top elementor-widget elementor-widget-icon-box\" data-id=\"1dabfe86\" data-element_type=\"widget\" data-widget_type=\"icon-box.default\">\n\t\t\t\t<div class=\"elementor-widget-container\">\n\t\t\t\t\t<div class=\"elementor-icon-box-wrapper\">\n\t\t\t\t\t\t<div class=\"elementor-icon-box-icon\">\n\t\t\t\t<a class=\"elementor-icon elementor-animation-\" href=\"http:\/\/y-soltaeva.bplaced.net\/admin\/?page_id=212\">\n\t\t\t\t<i aria-hidden=\"true\" class=\"fas fa-hands\"><\/i>\t\t\t\t<\/a>\n\t\t\t<\/div>\n\t\t\t\t\t\t<div class=\"elementor-icon-box-content\">\n\t\t\t\t<h3 class=\"elementor-icon-box-title\">\n\t\t\t\t\t<a href=\"http:\/\/y-soltaeva.bplaced.net\/admin\/?page_id=212\">Arbeitspsychologie<\/a>\n\t\t\t\t<\/h3>\n\t\t\t\t\t\t\t<\/div>\n\t\t<\/div>\n\t\t\t\t<\/div>\n\t\t\t\t<\/div>\n\t\t\t\t\t\t<\/div>\n\t\t\t<\/div>\n\t\t<\/div>\n\t\t\t\t\t\t<\/div>\n\t\t\t<\/div>\n\t\t<\/section>\n\t\t\t\t<section class=\"elementor-element elementor-element-17994335 elementor-reverse-tablet elementor-reverse-mobile elementor-section-boxed elementor-section-height-default elementor-section-height-default elementor-section elementor-top-section\" data-id=\"17994335\" data-element_type=\"section\">\n\t\t\t\t\t\t<div class=\"elementor-container elementor-column-gap-default\">\n\t\t\t\t<div class=\"elementor-row\">\n\t\t\t\t<div class=\"elementor-element elementor-element-4ea2954a elementor-column elementor-col-100 elementor-top-column\" data-id=\"4ea2954a\" data-element_type=\"column\">\n\t\t\t<div class=\"elementor-column-wrap  elementor-element-populated\">\n\t\t\t\t\t<div class=\"elementor-widget-wrap\">\n\t\t\t\t<div class=\"elementor-element elementor-element-26685ca elementor-widget elementor-widget-heading\" data-id=\"26685ca\" data-element_type=\"widget\" data-widget_type=\"heading.default\">\n\t\t\t\t<div class=\"elementor-widget-container\">\n\t\t\t<h3 class=\"elementor-heading-title elementor-size-large\">Unser Angebot\n<\/h3>\t\t<\/div>\n\t\t\t\t<\/div>\n\t\t\t\t<div class=\"elementor-element elementor-element-77bb164a elementor-widget elementor-widget-divider\" data-id=\"77bb164a\" data-element_type=\"widget\" data-widget_type=\"divider.default\">\n\t\t\t\t<div class=\"elementor-widget-container\">\n\t\t\t\t\t<div class=\"elementor-divider\">\n\t\t\t<span class=\"elementor-divider-separator\">\n\t\t\t\t\t\t<\/span>\n\t\t<\/div>\n\t\t\t\t<\/div>\n\t\t\t\t<\/div>\n\t\t\t\t<section class=\"elementor-element elementor-element-1f2f5938 elementor-section-boxed elementor-section-height-default elementor-section-height-default elementor-section elementor-inner-section\" data-id=\"1f2f5938\" data-element_type=\"section\">\n\t\t\t\t\t\t<div class=\"elementor-container elementor-column-gap-wider\">\n\t\t\t\t<div class=\"elementor-row\">\n\t\t\t\t<div class=\"elementor-element elementor-element-1fb5d2ab elementor-column elementor-col-50 elementor-inner-column\" data-id=\"1fb5d2ab\" data-element_type=\"column\">\n\t\t\t<div class=\"elementor-column-wrap  elementor-element-populated\">\n\t\t\t\t\t<div class=\"elementor-widget-wrap\">\n\t\t\t\t<div class=\"elementor-element elementor-element-c1bfbbf elementor-position-left elementor-vertical-align-middle elementor-widget elementor-widget-image-box\" data-id=\"c1bfbbf\" data-element_type=\"widget\" data-widget_type=\"image-box.default\">\n\t\t\t\t<div class=\"elementor-widget-container\">\n\t\t\t<div class=\"elementor-image-box-wrapper\"><figure class=\"elementor-image-box-img\"><img loading=\"lazy\" decoding=\"async\" width=\"2560\" height=\"1707\" src=\"https:\/\/aaz.wien\/wp-content\/uploads\/2020\/01\/silver-iphone-6-near-blue-and-silver-stethoscope-48603-scaled.jpg\" class=\"attachment-full size-full\" alt=\"\" srcset=\"https:\/\/aaz.wien\/wp-content\/uploads\/2020\/01\/silver-iphone-6-near-blue-and-silver-stethoscope-48603-scaled.jpg 2560w, https:\/\/aaz.wien\/wp-content\/uploads\/2020\/01\/silver-iphone-6-near-blue-and-silver-stethoscope-48603-300x200.jpg 300w, https:\/\/aaz.wien\/wp-content\/uploads\/2020\/01\/silver-iphone-6-near-blue-and-silver-stethoscope-48603-1024x683.jpg 1024w, https:\/\/aaz.wien\/wp-content\/uploads\/2020\/01\/silver-iphone-6-near-blue-and-silver-stethoscope-48603-768x512.jpg 768w, https:\/\/aaz.wien\/wp-content\/uploads\/2020\/01\/silver-iphone-6-near-blue-and-silver-stethoscope-48603-1536x1024.jpg 1536w, https:\/\/aaz.wien\/wp-content\/uploads\/2020\/01\/silver-iphone-6-near-blue-and-silver-stethoscope-48603-2048x1365.jpg 2048w\" sizes=\"auto, (max-width: 2560px) 100vw, 2560px\" \/><\/figure><div class=\"elementor-image-box-content\"><h3 class=\"elementor-image-box-title\">Arbeitsmedizin<\/h3><\/div><\/div>\t\t<\/div>\n\t\t\t\t<\/div>\n\t\t\t\t<div class=\"elementor-element elementor-element-ca5b5c8 elementor-position-left elementor-vertical-align-middle elementor-widget elementor-widget-image-box\" data-id=\"ca5b5c8\" data-element_type=\"widget\" data-widget_type=\"image-box.default\">\n\t\t\t\t<div class=\"elementor-widget-container\">\n\t\t\t<div class=\"elementor-image-box-wrapper\"><figure class=\"elementor-image-box-img\"><img loading=\"lazy\" decoding=\"async\" width=\"2560\" height=\"1702\" src=\"https:\/\/aaz.wien\/wp-content\/uploads\/2020\/01\/light-smartphone-macbook-mockup-67112-scaled.jpg\" class=\"attachment-full size-full\" alt=\"\" srcset=\"https:\/\/aaz.wien\/wp-content\/uploads\/2020\/01\/light-smartphone-macbook-mockup-67112-scaled.jpg 2560w, https:\/\/aaz.wien\/wp-content\/uploads\/2020\/01\/light-smartphone-macbook-mockup-67112-300x199.jpg 300w, https:\/\/aaz.wien\/wp-content\/uploads\/2020\/01\/light-smartphone-macbook-mockup-67112-1024x681.jpg 1024w, https:\/\/aaz.wien\/wp-content\/uploads\/2020\/01\/light-smartphone-macbook-mockup-67112-768x511.jpg 768w, https:\/\/aaz.wien\/wp-content\/uploads\/2020\/01\/light-smartphone-macbook-mockup-67112-1536x1021.jpg 1536w, https:\/\/aaz.wien\/wp-content\/uploads\/2020\/01\/light-smartphone-macbook-mockup-67112-2048x1362.jpg 2048w\" sizes=\"auto, (max-width: 2560px) 100vw, 2560px\" \/><\/figure><div class=\"elementor-image-box-content\"><h3 class=\"elementor-image-box-title\">Vorsorgemedizin<\/h3><\/div><\/div>\t\t<\/div>\n\t\t\t\t<\/div>\n\t\t\t\t<div class=\"elementor-element elementor-element-1ba370a1 elementor-position-left elementor-vertical-align-middle elementor-widget elementor-widget-image-box\" data-id=\"1ba370a1\" data-element_type=\"widget\" data-widget_type=\"image-box.default\">\n\t\t\t\t<div class=\"elementor-widget-container\">\n\t\t\t<div class=\"elementor-image-box-wrapper\"><figure class=\"elementor-image-box-img\"><img decoding=\"async\" src=\"http:\/\/y-soltaeva.bplaced.net\/admin\/wp-content\/uploads\/2020\/01\/4-scaled.jpg\" title=\"\" alt=\"\" \/><\/figure><div class=\"elementor-image-box-content\"><h3 class=\"elementor-image-box-title\">Gesundheitspsychologie<\/h3><\/div><\/div>\t\t<\/div>\n\t\t\t\t<\/div>\n\t\t\t\t\t\t<\/div>\n\t\t\t<\/div>\n\t\t<\/div>\n\t\t\t\t<div class=\"elementor-element elementor-element-301af601 elementor-column elementor-col-50 elementor-inner-column\" data-id=\"301af601\" data-element_type=\"column\">\n\t\t\t<div class=\"elementor-column-wrap  elementor-element-populated\">\n\t\t\t\t\t<div class=\"elementor-widget-wrap\">\n\t\t\t\t<div class=\"elementor-element elementor-element-384394a2 elementor-position-left elementor-vertical-align-middle elementor-widget elementor-widget-image-box\" data-id=\"384394a2\" data-element_type=\"widget\" data-widget_type=\"image-box.default\">\n\t\t\t\t<div class=\"elementor-widget-container\">\n\t\t\t<div class=\"elementor-image-box-wrapper\"><figure class=\"elementor-image-box-img\"><img loading=\"lazy\" decoding=\"async\" width=\"2560\" height=\"1782\" src=\"https:\/\/aaz.wien\/wp-content\/uploads\/2020\/01\/yellow-frame-eyeglasses-on-white-surface-1393307-scaled.jpg\" class=\"attachment-full size-full\" alt=\"\" srcset=\"https:\/\/aaz.wien\/wp-content\/uploads\/2020\/01\/yellow-frame-eyeglasses-on-white-surface-1393307-scaled.jpg 2560w, https:\/\/aaz.wien\/wp-content\/uploads\/2020\/01\/yellow-frame-eyeglasses-on-white-surface-1393307-300x209.jpg 300w, https:\/\/aaz.wien\/wp-content\/uploads\/2020\/01\/yellow-frame-eyeglasses-on-white-surface-1393307-1024x713.jpg 1024w, https:\/\/aaz.wien\/wp-content\/uploads\/2020\/01\/yellow-frame-eyeglasses-on-white-surface-1393307-768x534.jpg 768w, https:\/\/aaz.wien\/wp-content\/uploads\/2020\/01\/yellow-frame-eyeglasses-on-white-surface-1393307-1536x1069.jpg 1536w, https:\/\/aaz.wien\/wp-content\/uploads\/2020\/01\/yellow-frame-eyeglasses-on-white-surface-1393307-2048x1425.jpg 2048w\" sizes=\"auto, (max-width: 2560px) 100vw, 2560px\" \/><\/figure><div class=\"elementor-image-box-content\"><h3 class=\"elementor-image-box-title\">Arbeitspsychologie<\/h3><\/div><\/div>\t\t<\/div>\n\t\t\t\t<\/div>\n\t\t\t\t<div class=\"elementor-element elementor-element-146a0882 elementor-position-left elementor-vertical-align-middle elementor-widget elementor-widget-image-box\" data-id=\"146a0882\" data-element_type=\"widget\" data-widget_type=\"image-box.default\">\n\t\t\t\t<div class=\"elementor-widget-container\">\n\t\t\t<div class=\"elementor-image-box-wrapper\"><figure class=\"elementor-image-box-img\"><img loading=\"lazy\" decoding=\"async\" width=\"2560\" height=\"1346\" src=\"https:\/\/aaz.wien\/wp-content\/uploads\/2020\/01\/green-and-white-male-gender-rest-room-signage-134065-scaled.jpg\" class=\"attachment-full size-full\" alt=\"\" srcset=\"https:\/\/aaz.wien\/wp-content\/uploads\/2020\/01\/green-and-white-male-gender-rest-room-signage-134065-scaled.jpg 2560w, https:\/\/aaz.wien\/wp-content\/uploads\/2020\/01\/green-and-white-male-gender-rest-room-signage-134065-300x158.jpg 300w, https:\/\/aaz.wien\/wp-content\/uploads\/2020\/01\/green-and-white-male-gender-rest-room-signage-134065-1024x538.jpg 1024w, https:\/\/aaz.wien\/wp-content\/uploads\/2020\/01\/green-and-white-male-gender-rest-room-signage-134065-768x404.jpg 768w, https:\/\/aaz.wien\/wp-content\/uploads\/2020\/01\/green-and-white-male-gender-rest-room-signage-134065-1536x808.jpg 1536w, https:\/\/aaz.wien\/wp-content\/uploads\/2020\/01\/green-and-white-male-gender-rest-room-signage-134065-2048x1077.jpg 2048w\" sizes=\"auto, (max-width: 2560px) 100vw, 2560px\" \/><\/figure><div class=\"elementor-image-box-content\"><h3 class=\"elementor-image-box-title\">Sicherheitsmanagement<\/h3><\/div><\/div>\t\t<\/div>\n\t\t\t\t<\/div>\n\t\t\t\t\t\t<\/div>\n\t\t\t<\/div>\n\t\t<\/div>\n\t\t\t\t\t\t<\/div>\n\t\t\t<\/div>\n\t\t<\/section>\n\t\t\t\t\t\t<\/div>\n\t\t\t<\/div>\n\t\t<\/div>\n\t\t\t\t\t\t<\/div>\n\t\t\t<\/div>\n\t\t<\/section>\n\t\t\t\t<section class=\"elementor-element elementor-element-70162e3a elementor-section-full_width elementor-section-height-min-height elementor-section-content-middle elementor-reverse-tablet elementor-reverse-mobile elementor-section-height-default elementor-section-items-middle elementor-section elementor-top-section\" data-id=\"70162e3a\" data-element_type=\"section\" data-settings=\"{&quot;background_background&quot;:&quot;classic&quot;}\">\n\t\t\t\t\t\t\t<div class=\"elementor-background-overlay\"><\/div>\n\t\t\t\t\t\t\t<div class=\"elementor-container elementor-column-gap-default\">\n\t\t\t\t<div class=\"elementor-row\">\n\t\t\t\t<div class=\"elementor-element elementor-element-173f05ad elementor-column elementor-col-100 elementor-top-column\" data-id=\"173f05ad\" data-element_type=\"column\" data-settings=\"{&quot;background_background&quot;:&quot;classic&quot;}\">\n\t\t\t<div class=\"elementor-column-wrap  elementor-element-populated\">\n\t\t\t\t\t<div class=\"elementor-widget-wrap\">\n\t\t\t\t<div class=\"elementor-element elementor-element-db2792c elementor-widget elementor-widget-heading\" data-id=\"db2792c\" data-element_type=\"widget\" data-widget_type=\"heading.default\">\n\t\t\t\t<div class=\"elementor-widget-container\">\n\t\t\t<h1 class=\"elementor-heading-title elementor-size-default\">Ziele<\/h1>\t\t<\/div>\n\t\t\t\t<\/div>\n\t\t\t\t<div class=\"elementor-element elementor-element-21698e5 elementor-widget elementor-widget-text-editor\" data-id=\"21698e5\" data-element_type=\"widget\" data-widget_type=\"text-editor.default\">\n\t\t\t\t<div class=\"elementor-widget-container\">\n\t\t\t\t\t<div class=\"elementor-text-editor elementor-clearfix\"><ul><li>Konsequentes Umsetzen aller gesetzlichen Vorgaben des ASchG und der geltenden Verordnungen<\/li><li>Verst\u00e4rkte Pr\u00e4senz der Arbeitsmedizin und Arbeitspsychologie im Alltag der Unternehmen, Etablierung von Schnittstellen<\/li><li>Mitarbeit bei der Entwicklung neuer Dokumentationssysteme und Schaffung einer systemischen Wirksamkeitskontrolle zur Verbesserung der Produkt- und Prozessqualit\u00e4t<\/li><li>Sensibilisierung der MitarbeiterInnen f\u00fcr Wechselwirkungen zwischen Arbeit und Gesundheit, F\u00f6rderung eines Bewusstseins f\u00fcr Risikofaktoren, Empfehlungen zu deren Reduktion und somit Entwicklung einer verst\u00e4rkten Verantwortung f\u00fcr die eigene Gesundheit<\/li><li>Entwicklung von bereichsspezifischen Gesundheitsprogrammen mit flie\u00dfenden \u00dcberg\u00e4ngen, hochqualitativen Vorsorgeuntersuchungen mit Unterst\u00fctzung von Fach\u00e4rztInnen<\/li><\/ul><\/div>\n\t\t\t\t<\/div>\n\t\t\t\t<\/div>\n\t\t\t\t<div class=\"elementor-element elementor-element-93e59d3 elementor-widget elementor-widget-heading\" data-id=\"93e59d3\" data-element_type=\"widget\" data-widget_type=\"heading.default\">\n\t\t\t\t<div class=\"elementor-widget-container\">\n\t\t\t<h2 class=\"elementor-heading-title elementor-size-default\">Bei Fragen Kontaktieren Sie uns!<\/h2>\t\t<\/div>\n\t\t\t\t<\/div>\n\t\t\t\t<div class=\"elementor-element elementor-element-af3b0cb elementor-button-success elementor-widget elementor-widget-button\" data-id=\"af3b0cb\" data-element_type=\"widget\" data-widget_type=\"button.default\">\n\t\t\t\t<div class=\"elementor-widget-container\">\n\t\t\t\t\t<div class=\"elementor-button-wrapper\">\n\t\t\t<a href=\"\/admin\/?page_id=21\" class=\"elementor-button-link elementor-button elementor-size-sm\" role=\"button\">\n\t\t\t\t\t\t<span class=\"elementor-button-content-wrapper\">\n\t\t\t\t\t\t<span class=\"elementor-button-text\">Kontakt<\/span>\n\t\t<\/span>\n\t\t\t\t\t<\/a>\n\t\t<\/div>\n\t\t\t\t<\/div>\n\t\t\t\t<\/div>\n\t\t\t\t\t\t<\/div>\n\t\t\t<\/div>\n\t\t<\/div>\n\t\t\t\t\t\t<\/div>\n\t\t\t<\/div>\n\t\t<\/section>\n\t\t\t\t\t\t<\/div>\n\t\t\t<\/div>\n\t\t<\/div>\n\t\t","protected":false},"excerpt":{"rendered":"<p>Leistungen Das AAZ bietet ma\u00dfgeschneiderte Betreuungskonzepte f\u00fcr Ihr Unternehmen.Die Leistungen werden individuell an die Bed\u00fcrfnisse der MitarbeiterInnen und des Betriebes angepasst und ausgearbeitet.Die Leistungen bedeuten eine \u00dcbernahme der arbeitsmedizinischen und arbeitspsychologischen Betreuung gem\u00e4\u00df den Bestimmungen des ASchG und der dazu geltenden Verordnungen sowie die Organisation und Durchf\u00fchrung von gesundheitsf\u00f6rdernden Projekten, ebenso wie eine Implementierung einer [&hellip;]<\/p>\n","protected":false},"author":4,"featured_media":0,"parent":0,"menu_order":0,"comment_status":"closed","ping_status":"closed","template":"","meta":{"footnotes":""},"class_list":["post-16","page","type-page","status-publish","hentry","entry"],"_links":{"self":[{"href":"https:\/\/aaz.wien\/index.php?rest_route=\/wp\/v2\/pages\/16","targetHints":{"allow":["GET"]}}],"collection":[{"href":"https:\/\/aaz.wien\/index.php?rest_route=\/wp\/v2\/pages"}],"about":[{"href":"https:\/\/aaz.wien\/index.php?rest_route=\/wp\/v2\/types\/page"}],"author":[{"embeddable":true,"href":"https:\/\/aaz.wien\/index.php?rest_route=\/wp\/v2\/users\/4"}],"replies":[{"embeddable":true,"href":"https:\/\/aaz.wien\/index.php?rest_route=%2Fwp%2Fv2%2Fcomments&post=16"}],"version-history":[{"count":24,"href":"https:\/\/aaz.wien\/index.php?rest_route=\/wp\/v2\/pages\/16\/revisions"}],"predecessor-version":[{"id":328,"href":"https:\/\/aaz.wien\/index.php?rest_route=\/wp\/v2\/pages\/16\/revisions\/328"}],"wp:attachment":[{"href":"https:\/\/aaz.wien\/index.php?rest_route=%2Fwp%2Fv2%2Fmedia&parent=16"}],"curies":[{"name":"wp","href":"https:\/\/api.w.org\/{rel}","templated":true}]}}