{"id":381,"date":"2025-01-07T11:21:00","date_gmt":"2025-01-07T10:21:00","guid":{"rendered":"https:\/\/aaz.wien\/?page_id=381"},"modified":"2025-01-07T11:48:26","modified_gmt":"2025-01-07T10:48:26","slug":"karriere","status":"publish","type":"page","link":"https:\/\/aaz.wien\/?page_id=381","title":{"rendered":"Karriere"},"content":{"rendered":"\t\t<div data-elementor-type=\"wp-page\" data-elementor-id=\"381\" class=\"elementor elementor-381\" data-elementor-settings=\"[]\">\n\t\t\t<div class=\"elementor-inner\">\n\t\t\t\t<div class=\"elementor-section-wrap\">\n\t\t\t\t\t\t\t<section class=\"elementor-element elementor-element-787d871 elementor-section-boxed elementor-section-height-default elementor-section-height-default elementor-section elementor-top-section\" data-id=\"787d871\" data-element_type=\"section\">\n\t\t\t\t\t\t<div class=\"elementor-container elementor-column-gap-default\">\n\t\t\t\t<div class=\"elementor-row\">\n\t\t\t\t<div class=\"elementor-element elementor-element-2ff72f2 elementor-column elementor-col-100 elementor-top-column\" data-id=\"2ff72f2\" data-element_type=\"column\">\n\t\t\t<div class=\"elementor-column-wrap  elementor-element-populated\">\n\t\t\t\t\t<div class=\"elementor-widget-wrap\">\n\t\t\t\t<div class=\"elementor-element elementor-element-4a3f76a elementor-widget elementor-widget-text-editor\" data-id=\"4a3f76a\" data-element_type=\"widget\" data-widget_type=\"text-editor.default\">\n\t\t\t\t<div class=\"elementor-widget-container\">\n\t\t\t\t\t<div class=\"elementor-text-editor elementor-clearfix\"><h1><strong>Karriere beim AAZ Wien \u2013 Gestalten Sie die Arbeitswelt von morgen!<\/strong><\/h1><p>\u00a0<\/p><p>Das Arbeitsmedizinische und Arbeitspsychologische Zentrum (AAZ) Wien ist ein Ort, an dem Engagement, Expertise und Menschlichkeit aufeinandertreffen. Unsere Mission ist es, die Gesundheit, das Wohlbefinden und die Produktivit\u00e4t von Mitarbeiter*innen in Unternehmen zu f\u00f6rdern.<\/p><p>Wir sind ein interdisziplin\u00e4res Team aus Arbeitsmediziner*innen und <em>Arbeitspsycholog*<\/em>innen, das mit Leidenschaft und Kompetenz zusammenarbeitet, um Unternehmen und deren Mitarbeiter*innen bestm\u00f6glich zu unterst\u00fctzen.<\/p><p><strong>Was wir bieten:<\/strong><\/p><ul><li>Ein wertsch\u00e4tzendes Arbeitsumfeld mit flachen Hierarchien<\/li><li>Spannende Projekte in der Schnittstelle von Gesundheit, Pr\u00e4vention und Organisation<\/li><li>Flexible Arbeitszeiten und die M\u00f6glichkeit, teilweise remote zu arbeiten<\/li><\/ul><p><strong>Was uns auszeichnet:<\/strong><br \/>Im AAZ Wien arbeiten wir nicht nur miteinander, sondern auch f\u00fcreinander. Wir legen gro\u00dfen Wert auf Teamgeist, innovative Ans\u00e4tze und eine offene Kommunikation. Gemeinsam schaffen wir einen positiven Einfluss auf die Arbeitswelt und setzen Ma\u00dfst\u00e4be in der arbeitsmedizinischen und arbeitspsychologischen Beratung.<\/p><p><strong>Werden Sie Teil unseres Teams!<\/strong><br \/>Haben Sie Interesse, unser Team zu verst\u00e4rken? Dann freuen wir uns auf Ihre Bewerbung! Schauen Sie sich unsere aktuellen Stellenangebote an oder senden Sie uns eine Initiativbewerbung an Bewerbung@aaz.wien.<\/p><p>Gestalten Sie mit uns die Zukunft der Arbeitswelt \u2013 wir freuen uns auf Sie!<\/p><\/div>\n\t\t\t\t<\/div>\n\t\t\t\t<\/div>\n\t\t\t\t\t\t<\/div>\n\t\t\t<\/div>\n\t\t<\/div>\n\t\t\t\t\t\t<\/div>\n\t\t\t<\/div>\n\t\t<\/section>\n\t\t\t\t<section class=\"elementor-element elementor-element-ac5d77d elementor-section-boxed elementor-section-height-default elementor-section-height-default elementor-section elementor-top-section\" data-id=\"ac5d77d\" data-element_type=\"section\">\n\t\t\t\t\t\t<div class=\"elementor-container elementor-column-gap-default\">\n\t\t\t\t<div class=\"elementor-row\">\n\t\t\t\t<div class=\"elementor-element elementor-element-3089a03 elementor-column elementor-col-100 elementor-top-column\" data-id=\"3089a03\" data-element_type=\"column\">\n\t\t\t<div class=\"elementor-column-wrap  elementor-element-populated\">\n\t\t\t\t\t<div class=\"elementor-widget-wrap\">\n\t\t\t\t<div class=\"elementor-element elementor-element-4890da2 elementor-widget elementor-widget-divider\" data-id=\"4890da2\" data-element_type=\"widget\" data-widget_type=\"divider.default\">\n\t\t\t\t<div class=\"elementor-widget-container\">\n\t\t\t\t\t<div class=\"elementor-divider\">\n\t\t\t<span class=\"elementor-divider-separator\">\n\t\t\t\t\t\t<\/span>\n\t\t<\/div>\n\t\t\t\t<\/div>\n\t\t\t\t<\/div>\n\t\t\t\t<div class=\"elementor-element elementor-element-f27a25a elementor-widget elementor-widget-image\" data-id=\"f27a25a\" data-element_type=\"widget\" data-widget_type=\"image.default\">\n\t\t\t\t<div class=\"elementor-widget-container\">\n\t\t\t\t\t<div class=\"elementor-image\">\n\t\t\t\t\t\t\t\t\t\t<img loading=\"lazy\" decoding=\"async\" width=\"1024\" height=\"681\" src=\"https:\/\/aaz.wien\/wp-content\/uploads\/2020\/01\/light-smartphone-macbook-mockup-67112-1024x681.jpg\" class=\"attachment-large size-large\" alt=\"\" srcset=\"https:\/\/aaz.wien\/wp-content\/uploads\/2020\/01\/light-smartphone-macbook-mockup-67112-1024x681.jpg 1024w, https:\/\/aaz.wien\/wp-content\/uploads\/2020\/01\/light-smartphone-macbook-mockup-67112-300x199.jpg 300w, https:\/\/aaz.wien\/wp-content\/uploads\/2020\/01\/light-smartphone-macbook-mockup-67112-768x511.jpg 768w, https:\/\/aaz.wien\/wp-content\/uploads\/2020\/01\/light-smartphone-macbook-mockup-67112-1536x1021.jpg 1536w, https:\/\/aaz.wien\/wp-content\/uploads\/2020\/01\/light-smartphone-macbook-mockup-67112-2048x1362.jpg 2048w\" sizes=\"auto, (max-width: 1024px) 100vw, 1024px\" \/>\t\t\t\t\t\t\t\t\t\t\t<\/div>\n\t\t\t\t<\/div>\n\t\t\t\t<\/div>\n\t\t\t\t\t\t<\/div>\n\t\t\t<\/div>\n\t\t<\/div>\n\t\t\t\t\t\t<\/div>\n\t\t\t<\/div>\n\t\t<\/section>\n\t\t\t\t\t\t<\/div>\n\t\t\t<\/div>\n\t\t<\/div>\n\t\t","protected":false},"excerpt":{"rendered":"<p>Karriere beim AAZ Wien \u2013 Gestalten Sie die Arbeitswelt von morgen! \u00a0 Das Arbeitsmedizinische und Arbeitspsychologische Zentrum (AAZ) Wien ist ein Ort, an dem Engagement, Expertise und Menschlichkeit aufeinandertreffen. Unsere Mission ist es, die Gesundheit, das Wohlbefinden und die Produktivit\u00e4t von Mitarbeiter*innen in Unternehmen zu f\u00f6rdern. Wir sind ein interdisziplin\u00e4res Team aus Arbeitsmediziner*innen und Arbeitspsycholog*innen, [&hellip;]<\/p>\n","protected":false},"author":4,"featured_media":194,"parent":0,"menu_order":0,"comment_status":"closed","ping_status":"closed","template":"","meta":{"footnotes":""},"class_list":["post-381","page","type-page","status-publish","has-post-thumbnail","hentry","entry","has-media"],"_links":{"self":[{"href":"https:\/\/aaz.wien\/index.php?rest_route=\/wp\/v2\/pages\/381","targetHints":{"allow":["GET"]}}],"collection":[{"href":"https:\/\/aaz.wien\/index.php?rest_route=\/wp\/v2\/pages"}],"about":[{"href":"https:\/\/aaz.wien\/index.php?rest_route=\/wp\/v2\/types\/page"}],"author":[{"embeddable":true,"href":"https:\/\/aaz.wien\/index.php?rest_route=\/wp\/v2\/users\/4"}],"replies":[{"embeddable":true,"href":"https:\/\/aaz.wien\/index.php?rest_route=%2Fwp%2Fv2%2Fcomments&post=381"}],"version-history":[{"count":5,"href":"https:\/\/aaz.wien\/index.php?rest_route=\/wp\/v2\/pages\/381\/revisions"}],"predecessor-version":[{"id":393,"href":"https:\/\/aaz.wien\/index.php?rest_route=\/wp\/v2\/pages\/381\/revisions\/393"}],"wp:featuredmedia":[{"embeddable":true,"href":"https:\/\/aaz.wien\/index.php?rest_route=\/wp\/v2\/media\/194"}],"wp:attachment":[{"href":"https:\/\/aaz.wien\/index.php?rest_route=%2Fwp%2Fv2%2Fmedia&parent=381"}],"curies":[{"name":"wp","href":"https:\/\/api.w.org\/{rel}","templated":true}]}}